{"id":802,"date":"2020-02-05T22:19:45","date_gmt":"2020-02-05T22:19:45","guid":{"rendered":"https:\/\/montajeurostyles.eurostylesas.com\/index.php\/about\/"},"modified":"2024-01-29T05:29:56","modified_gmt":"2024-01-29T04:29:56","slug":"quienes-somos","status":"publish","type":"page","link":"https:\/\/eurostylesas.com\/index.php\/quienes-somos\/","title":{"rendered":"Qu\u00edenes somos"},"content":{"rendered":"\t\t<div data-elementor-type=\"wp-page\" data-elementor-id=\"802\" class=\"elementor elementor-802\">\n\t\t\t\t<div class=\"elementor-element elementor-element-1849320 e-flex e-con-boxed e-con e-parent\" data-id=\"1849320\" data-element_type=\"container\" data-e-type=\"container\" data-settings=\"{&quot;background_background&quot;:&quot;classic&quot;}\">\n\t\t\t\t\t<div class=\"e-con-inner\">\n\t\t<div class=\"elementor-element elementor-element-18a774d e-con-full e-flex e-con e-child\" data-id=\"18a774d\" data-element_type=\"container\" data-e-type=\"container\">\n\t\t\t\t<\/div>\n\t\t<div class=\"elementor-element elementor-element-0168e1f e-con-full e-flex e-con e-child\" data-id=\"0168e1f\" data-element_type=\"container\" data-e-type=\"container\">\n\t\t\t\t<div class=\"elementor-element elementor-element-6700ef6 elementor-widget elementor-widget-spacer\" data-id=\"6700ef6\" data-element_type=\"widget\" data-e-type=\"widget\" data-widget_type=\"spacer.default\">\n\t\t\t\t<div class=\"elementor-widget-container\">\n\t\t\t\t\t\t\t<div class=\"elementor-spacer\">\n\t\t\t<div class=\"elementor-spacer-inner\"><\/div>\n\t\t<\/div>\n\t\t\t\t\t\t<\/div>\n\t\t\t\t<\/div>\n\t\t\t\t<div class=\"elementor-element elementor-element-6a3b440 elementor-widget elementor-widget-heading\" data-id=\"6a3b440\" data-element_type=\"widget\" data-e-type=\"widget\" data-widget_type=\"heading.default\">\n\t\t\t\t<div class=\"elementor-widget-container\">\n\t\t\t\t\t<h1 class=\"elementor-heading-title elementor-size-default\">EUROSTYLE, 20 a\u00f1os de inspiraci\u00f3n<\/h1>\t\t\t\t<\/div>\n\t\t\t\t<\/div>\n\t\t\t\t<div class=\"elementor-element elementor-element-25d7854 elementor-widget elementor-widget-text-editor\" data-id=\"25d7854\" data-element_type=\"widget\" data-e-type=\"widget\" data-widget_type=\"text-editor.default\">\n\t\t\t\t<div class=\"elementor-widget-container\">\n\t\t\t\t\t\t\t\t\t<p><span style=\"font-weight: 400;\">Maquilamos productos capilares profesionales adaptados a todos los tipos de cabello, con formulaciones modernas y avanzadas.\u00a0<\/span><\/p>\t\t\t\t\t\t\t\t<\/div>\n\t\t\t\t<\/div>\n\t\t\t\t<\/div>\n\t\t\t\t\t<\/div>\n\t\t\t\t<\/div>\n\t\t<div class=\"elementor-element elementor-element-facea5d e-con-full e-flex e-con e-parent\" data-id=\"facea5d\" data-element_type=\"container\" data-e-type=\"container\" data-settings=\"{&quot;background_background&quot;:&quot;classic&quot;}\">\n\t\t\t\t<div class=\"elementor-element elementor-element-c5c30a6 elementor-widget__width-initial elementor-widget elementor-widget-image\" data-id=\"c5c30a6\" data-element_type=\"widget\" data-e-type=\"widget\" data-widget_type=\"image.default\">\n\t\t\t\t<div class=\"elementor-widget-container\">\n\t\t\t\t\t\t\t\t\t\t\t\t\t\t\t<img fetchpriority=\"high\" decoding=\"async\" width=\"400\" height=\"400\" src=\"https:\/\/eurostylesas.com\/wp-content\/uploads\/2023\/12\/2.png\" class=\"attachment-full size-full wp-image-1503\" alt=\"\" srcset=\"https:\/\/eurostylesas.com\/wp-content\/uploads\/2023\/12\/2.png 400w, https:\/\/eurostylesas.com\/wp-content\/uploads\/2023\/12\/2-300x300.png 300w, https:\/\/eurostylesas.com\/wp-content\/uploads\/2023\/12\/2-150x150.png 150w, https:\/\/eurostylesas.com\/wp-content\/uploads\/2023\/12\/2-100x100.png 100w\" sizes=\"(max-width: 400px) 100vw, 400px\" \/>\t\t\t\t\t\t\t\t\t\t\t\t\t\t\t<\/div>\n\t\t\t\t<\/div>\n\t\t\t\t<\/div>\n\t\t<div class=\"elementor-element elementor-element-1b04127 e-flex e-con-boxed e-con e-parent\" data-id=\"1b04127\" data-element_type=\"container\" data-e-type=\"container\" data-settings=\"{&quot;background_background&quot;:&quot;classic&quot;}\">\n\t\t\t\t\t<div class=\"e-con-inner\">\n\t\t<div class=\"elementor-element elementor-element-9e0bb3f e-con-full e-flex e-con e-child\" data-id=\"9e0bb3f\" data-element_type=\"container\" data-e-type=\"container\">\n\t\t\t\t<div class=\"elementor-element elementor-element-74c3c2b elementor-widget elementor-widget-heading\" data-id=\"74c3c2b\" data-element_type=\"widget\" data-e-type=\"widget\" data-widget_type=\"heading.default\">\n\t\t\t\t<div class=\"elementor-widget-container\">\n\t\t\t\t\t<h2 class=\"elementor-heading-title elementor-size-default\">MISI\u00d3N<\/h2>\t\t\t\t<\/div>\n\t\t\t\t<\/div>\n\t\t\t\t<div class=\"elementor-element elementor-element-4d48099 elementor-widget elementor-widget-text-editor\" data-id=\"4d48099\" data-element_type=\"widget\" data-e-type=\"widget\" data-widget_type=\"text-editor.default\">\n\t\t\t\t<div class=\"elementor-widget-container\">\n\t\t\t\t\t\t\t\t\t<p>Focalizar las actividades de la empresa mediante la optimizaci\u00f3n de sus recursos humanos, t\u00e9cnicos y de servcio basados en el potencial del mercado futuro nacional e internacional de los com\u00e9stico. Adaptando tecnolog\u00edas de punta y aportando soluciones sostenibles, de producci\u00f3n limpia y eficiencia energ\u00e9tica.<\/p>\t\t\t\t\t\t\t\t<\/div>\n\t\t\t\t<\/div>\n\t\t\t\t<div class=\"elementor-element elementor-element-1ba0b82 elementor-widget elementor-widget-spacer\" data-id=\"1ba0b82\" data-element_type=\"widget\" data-e-type=\"widget\" data-widget_type=\"spacer.default\">\n\t\t\t\t<div class=\"elementor-widget-container\">\n\t\t\t\t\t\t\t<div class=\"elementor-spacer\">\n\t\t\t<div class=\"elementor-spacer-inner\"><\/div>\n\t\t<\/div>\n\t\t\t\t\t\t<\/div>\n\t\t\t\t<\/div>\n\t\t\t\t<\/div>\n\t\t<div class=\"elementor-element elementor-element-8db35e1 e-con-full e-flex e-con e-child\" data-id=\"8db35e1\" data-element_type=\"container\" data-e-type=\"container\">\n\t\t\t\t<div class=\"elementor-element elementor-element-f4b8310 elementor-widget elementor-widget-heading\" data-id=\"f4b8310\" data-element_type=\"widget\" data-e-type=\"widget\" data-widget_type=\"heading.default\">\n\t\t\t\t<div class=\"elementor-widget-container\">\n\t\t\t\t\t<h2 class=\"elementor-heading-title elementor-size-default\">VISI\u00d3N<\/h2>\t\t\t\t<\/div>\n\t\t\t\t<\/div>\n\t\t\t\t<div class=\"elementor-element elementor-element-62d713d elementor-widget elementor-widget-text-editor\" data-id=\"62d713d\" data-element_type=\"widget\" data-e-type=\"widget\" data-widget_type=\"text-editor.default\">\n\t\t\t\t<div class=\"elementor-widget-container\">\n\t\t\t\t\t\t\t\t\t<p>Consolidarse y posicionarse como una empresa l\u00edder en la producci\u00f3n de com\u00e9sticos, propios y de marcas\u00a0 privadas, optimizando los procesos administrati<span style=\"font-style: inherit; font-weight: inherit;\">vos, productivos, comerciales, a la luz de los requerimientos del mercado y las normas t\u00e9cnicas de control de caidad a nivel local, nacional e internacional.<\/span><\/p>\t\t\t\t\t\t\t\t<\/div>\n\t\t\t\t<\/div>\n\t\t\t\t<div class=\"elementor-element elementor-element-744b235 elementor-widget elementor-widget-spacer\" data-id=\"744b235\" data-element_type=\"widget\" data-e-type=\"widget\" data-widget_type=\"spacer.default\">\n\t\t\t\t<div class=\"elementor-widget-container\">\n\t\t\t\t\t\t\t<div class=\"elementor-spacer\">\n\t\t\t<div class=\"elementor-spacer-inner\"><\/div>\n\t\t<\/div>\n\t\t\t\t\t\t<\/div>\n\t\t\t\t<\/div>\n\t\t\t\t<\/div>\n\t\t\t\t\t<\/div>\n\t\t\t\t<\/div>\n\t\t\t\t<section class=\"elementor-section elementor-top-section elementor-element elementor-element-cnfz9y2 elementor-section-content-middle elementor-section-boxed elementor-section-height-default elementor-section-height-default\" data-id=\"cnfz9y2\" data-element_type=\"section\" data-e-type=\"section\" data-settings=\"{&quot;background_background&quot;:&quot;classic&quot;}\">\n\t\t\t\t\t\t\t<div class=\"elementor-background-overlay\"><\/div>\n\t\t\t\t\t\t\t<div class=\"elementor-container elementor-column-gap-no\">\n\t\t\t\t\t<div class=\"elementor-column elementor-col-100 elementor-top-column elementor-element elementor-element-ed27561\" data-id=\"ed27561\" data-element_type=\"column\" data-e-type=\"column\">\n\t\t\t<div class=\"elementor-widget-wrap elementor-element-populated\">\n\t\t\t\t\t\t<div class=\"elementor-element elementor-element-811c4a3 elementor-widget elementor-widget-heading\" data-id=\"811c4a3\" data-element_type=\"widget\" data-e-type=\"widget\" data-widget_type=\"heading.default\">\n\t\t\t\t<div class=\"elementor-widget-container\">\n\t\t\t\t\t<h2 class=\"elementor-heading-title elementor-size-default\">nuestra historia<\/h2>\t\t\t\t<\/div>\n\t\t\t\t<\/div>\n\t\t\t\t<div class=\"elementor-element elementor-element-31e5e30 elementor-widget__width-initial elementor-widget-tablet__width-initial elementor-widget-mobile__width-initial elementor-widget elementor-widget-text-editor\" data-id=\"31e5e30\" data-element_type=\"widget\" data-e-type=\"widget\" data-widget_type=\"text-editor.default\">\n\t\t\t\t<div class=\"elementor-widget-container\">\n\t\t\t\t\t\t\t\t\t<p><span style=\"font-weight: 400;\">Un tinte en presentaci\u00f3n de 100ml, una m\u00e1scara de prote\u00edna y un decolorante, productos que revolucionaron el mercado colombiano hace 20 a\u00f1os: EUROSTYLE desde sus inicios apost\u00f3 en la inspiraci\u00f3n, la pasi\u00f3n, la innovaci\u00f3n; comprometidos en las personas para fomentar su personalidad y su fortaleza a trav\u00e9s de su cabello.<\/span><\/p>\t\t\t\t\t\t\t\t<\/div>\n\t\t\t\t<\/div>\n\t\t\t\t<div class=\"elementor-element elementor-element-e8447ed elementor-position-top elementor-widget elementor-widget-image-box\" data-id=\"e8447ed\" data-element_type=\"widget\" data-e-type=\"widget\" data-widget_type=\"image-box.default\">\n\t\t\t\t<div class=\"elementor-widget-container\">\n\t\t\t\t\t<div class=\"elementor-image-box-wrapper\"><figure class=\"elementor-image-box-img\"><img decoding=\"async\" src=\"https:\/\/eurostylesas.com\/wp-content\/uploads\/elementor\/thumbs\/Foto-25-05-23-10-30-59-a.m.-1-scaled-qgyp4jky7uibqzrw4w6s0hyxsk0uucoz8814xpw494.jpg\" title=\"Foto 25-05-23, 10 30 59 a.m. (1)\" alt=\"Foto 25-05-23, 10 30 59 a.m. (1)\" loading=\"lazy\" \/><\/figure><\/div>\t\t\t\t<\/div>\n\t\t\t\t<\/div>\n\t\t\t\t<div class=\"elementor-element elementor-element-3cf4fa1 elementor-widget__width-initial elementor-widget-tablet__width-initial elementor-widget-mobile__width-initial elementor-widget elementor-widget-text-editor\" data-id=\"3cf4fa1\" data-element_type=\"widget\" data-e-type=\"widget\" data-widget_type=\"text-editor.default\">\n\t\t\t\t<div class=\"elementor-widget-container\">\n\t\t\t\t\t\t\t\t\t<p><span style=\"font-weight: 400;\">Somos una empresa con m\u00e1s de 20 a\u00f1os de experiencia en el sector cosm\u00e9tico capilar, con una alta gama de productos cosm\u00e9ticos profesionales de excelente calidad para el cuidado y la atenci\u00f3n del cabello. Fabricamos y comercializamos nuestras l\u00edneas propias, Nouvelle, Silky, Toujours Trend y +Perfetta. as\u00ed como tambi\u00e9n nos especializamos en la producci\u00f3n, suministro y comercializaci\u00f3n de cosm\u00e9ticos de marca privada en vanguardia. Contamos con un personal altamente calificado y con una pol\u00edtica de mejoramiento continuo.<\/span><\/p><p><span style=\"font-weight: 400;\">Vamos de la mano en desarrollo e innovaci\u00f3n con HSA Italia, una de las empresas m\u00e1s grandes y calificadas en el mundo en el desarrollo e investigaci\u00f3n de productos en el \u00e1mbito profesional de la cosm\u00e9tica capilar, buscando revolucionar la industria cosm\u00e9tica, innovando y creando estilos \u00fanicos, creativos y modernos, garantizando una satisfacci\u00f3n completa del cliente y una experiencia \u00fanica y renovadora para el cabello.\u00a0<\/span><\/p>\t\t\t\t\t\t\t\t<\/div>\n\t\t\t\t<\/div>\n\t\t\t\t\t<\/div>\n\t\t<\/div>\n\t\t\t\t\t<\/div>\n\t\t<\/section>\n\t\t\t\t<section class=\"elementor-section elementor-top-section elementor-element elementor-element-c711531 elementor-section-content-bottom elementor-section-full_width elementor-section-height-min-height elementor-section-height-default elementor-section-items-middle\" data-id=\"c711531\" data-element_type=\"section\" data-e-type=\"section\" data-settings=\"{&quot;background_background&quot;:&quot;classic&quot;}\">\n\t\t\t\t\t\t\t<div class=\"elementor-background-overlay\"><\/div>\n\t\t\t\t\t\t\t<div class=\"elementor-container elementor-column-gap-wide\">\n\t\t\t\t\t<div class=\"elementor-column elementor-col-100 elementor-top-column elementor-element elementor-element-4e5e314\" data-id=\"4e5e314\" data-element_type=\"column\" data-e-type=\"column\">\n\t\t\t<div class=\"elementor-widget-wrap elementor-element-populated\">\n\t\t\t\t\t\t\t<\/div>\n\t\t<\/div>\n\t\t\t\t\t<\/div>\n\t\t<\/section>\n\t\t\t\t<\/div>\n\t\t","protected":false},"excerpt":{"rendered":"<p>EUROSTYLE, 20 a\u00f1os de inspiraci\u00f3n Maquilamos productos capilares profesionales adaptados a todos los tipos de cabello, con formulaciones modernas y avanzadas.\u00a0 MISI\u00d3N Focalizar las actividades de la empresa mediante la optimizaci\u00f3n de sus recursos humanos, t\u00e9cnicos y de servcio basados en el potencial del mercado futuro nacional e internacional de los com\u00e9stico. Adaptando tecnolog\u00edas de [&hellip;]<\/p>\n","protected":false},"author":1,"featured_media":0,"parent":0,"menu_order":0,"comment_status":"closed","ping_status":"closed","template":"","meta":{"_uag_custom_page_level_css":"","site-sidebar-layout":"no-sidebar","site-content-layout":"page-builder","ast-site-content-layout":"default","site-content-style":"default","site-sidebar-style":"default","ast-global-header-display":"","ast-banner-title-visibility":"","ast-main-header-display":"","ast-hfb-above-header-display":"","ast-hfb-below-header-display":"","ast-hfb-mobile-header-display":"","site-post-title":"disabled","ast-breadcrumbs-content":"disabled","ast-featured-img":"disabled","footer-sml-layout":"","ast-disable-related-posts":"","theme-transparent-header-meta":"enabled","adv-header-id-meta":"","stick-header-meta":"","header-above-stick-meta":"","header-main-stick-meta":"","header-below-stick-meta":"","astra-migrate-meta-layouts":"default","ast-page-background-enabled":"default","ast-page-background-meta":{"desktop":{"background-color":"","background-image":"","background-repeat":"repeat","background-position":"center center","background-size":"auto","background-attachment":"scroll","background-type":"","background-media":"","overlay-type":"","overlay-color":"","overlay-opacity":"","overlay-gradient":""},"tablet":{"background-color":"","background-image":"","background-repeat":"repeat","background-position":"center center","background-size":"auto","background-attachment":"scroll","background-type":"","background-media":"","overlay-type":"","overlay-color":"","overlay-opacity":"","overlay-gradient":""},"mobile":{"background-color":"","background-image":"","background-repeat":"repeat","background-position":"center center","background-size":"auto","background-attachment":"scroll","background-type":"","background-media":"","overlay-type":"","overlay-color":"","overlay-opacity":"","overlay-gradient":""}},"ast-content-background-meta":{"desktop":{"background-color":"var(--ast-global-color-5)","background-image":"","background-repeat":"repeat","background-position":"center center","background-size":"auto","background-attachment":"scroll","background-type":"","background-media":"","overlay-type":"","overlay-color":"","overlay-opacity":"","overlay-gradient":""},"tablet":{"background-color":"var(--ast-global-color-5)","background-image":"","background-repeat":"repeat","background-position":"center center","background-size":"auto","background-attachment":"scroll","background-type":"","background-media":"","overlay-type":"","overlay-color":"","overlay-opacity":"","overlay-gradient":""},"mobile":{"background-color":"var(--ast-global-color-5)","background-image":"","background-repeat":"repeat","background-position":"center center","background-size":"auto","background-attachment":"scroll","background-type":"","background-media":"","overlay-type":"","overlay-color":"","overlay-opacity":"","overlay-gradient":""}},"footnotes":""},"class_list":["post-802","page","type-page","status-publish","hentry"],"aioseo_notices":[],"uagb_featured_image_src":{"full":false,"thumbnail":false,"medium":false,"medium_large":false,"large":false,"1536x1536":false,"2048x2048":false,"woocommerce_thumbnail":false,"woocommerce_single":false,"woocommerce_gallery_thumbnail":false},"uagb_author_info":{"display_name":"eurostylesas","author_link":"https:\/\/eurostylesas.com\/index.php\/author\/eurostylesas\/"},"uagb_comment_info":0,"uagb_excerpt":"EUROSTYLE, 20 a\u00f1os de inspiraci\u00f3n Maquilamos productos capilares profesionales adaptados a todos los tipos de cabello, con formulaciones modernas y avanzadas.\u00a0 MISI\u00d3N Focalizar las actividades de la empresa mediante la optimizaci\u00f3n de sus recursos humanos, t\u00e9cnicos y de servcio basados en el potencial del mercado futuro nacional e internacional de los com\u00e9stico. Adaptando tecnolog\u00edas de&hellip;","_links":{"self":[{"href":"https:\/\/eurostylesas.com\/index.php\/wp-json\/wp\/v2\/pages\/802","targetHints":{"allow":["GET"]}}],"collection":[{"href":"https:\/\/eurostylesas.com\/index.php\/wp-json\/wp\/v2\/pages"}],"about":[{"href":"https:\/\/eurostylesas.com\/index.php\/wp-json\/wp\/v2\/types\/page"}],"author":[{"embeddable":true,"href":"https:\/\/eurostylesas.com\/index.php\/wp-json\/wp\/v2\/users\/1"}],"replies":[{"embeddable":true,"href":"https:\/\/eurostylesas.com\/index.php\/wp-json\/wp\/v2\/comments?post=802"}],"version-history":[{"count":368,"href":"https:\/\/eurostylesas.com\/index.php\/wp-json\/wp\/v2\/pages\/802\/revisions"}],"predecessor-version":[{"id":3801,"href":"https:\/\/eurostylesas.com\/index.php\/wp-json\/wp\/v2\/pages\/802\/revisions\/3801"}],"wp:attachment":[{"href":"https:\/\/eurostylesas.com\/index.php\/wp-json\/wp\/v2\/media?parent=802"}],"curies":[{"name":"wp","href":"https:\/\/api.w.org\/{rel}","templated":true}]}}