{"id":307,"date":"2020-03-18T14:28:35","date_gmt":"2020-03-18T14:28:35","guid":{"rendered":"https:\/\/montajeurostyles.eurostylesas.com\/index.php\/producto\/night-care-cream\/"},"modified":"2023-12-20T15:40:05","modified_gmt":"2023-12-20T14:40:05","slug":"night-care-cream","status":"publish","type":"product","link":"https:\/\/eurostylesas.com\/index.php\/producto\/night-care-cream\/","title":{"rendered":"+PERFETTA CRAZY COLOR"},"content":{"rendered":"<div>\n<p>Presentaci\u00f3n: 45ml<\/p>\n<p>Coloraci\u00f3n directa semipermanente sin amon\u00edaco, para un look exc\u00e9ntrico y original, para usar sobre el cabello decolorado una verdadera explosi\u00f3n de color, que se puede personalizar mezclando varios tonos. Disponible 7 tonos fantasias. Duraci\u00f3n: 10 a 20 lavados.<\/p>\n<\/div>\n","protected":false},"excerpt":{"rendered":"<p>Lorem ipsum dolor sit amet, consectetur adipiscing elit. Ut elit tellus, luctus nec ullamcorper mattis, pulvinar dapibus leo.Lobortis imperdiet, excepteur accumsan deserunt, dicta reprehenderit vestibulum, vero aspernatur pede duis tempus taciti, senectus, neque possimus ratione laborum aliqua<\/p>\n","protected":false},"featured_media":3556,"comment_status":"open","ping_status":"closed","template":"","meta":{"_uag_custom_page_level_css":"","site-sidebar-layout":"no-sidebar","site-content-layout":"boxed-container","ast-site-content-layout":"normal-width-container","site-content-style":"boxed","site-sidebar-style":"boxed","ast-global-header-display":"","ast-banner-title-visibility":"","ast-main-header-display":"","ast-hfb-above-header-display":"","ast-hfb-below-header-display":"","ast-hfb-mobile-header-display":"","site-post-title":"","ast-breadcrumbs-content":"","ast-featured-img":"","footer-sml-layout":"","ast-disable-related-posts":"","theme-transparent-header-meta":"default","adv-header-id-meta":"","stick-header-meta":"","header-above-stick-meta":"","header-main-stick-meta":"","header-below-stick-meta":"","astra-migrate-meta-layouts":"set","ast-page-background-enabled":"default","ast-page-background-meta":{"desktop":{"background-color":"","background-image":"","background-repeat":"repeat","background-position":"center center","background-size":"auto","background-attachment":"scroll","background-type":"","background-media":"","overlay-type":"","overlay-color":"","overlay-opacity":"","overlay-gradient":""},"tablet":{"background-color":"","background-image":"","background-repeat":"repeat","background-position":"center center","background-size":"auto","background-attachment":"scroll","background-type":"","background-media":"","overlay-type":"","overlay-color":"","overlay-opacity":"","overlay-gradient":""},"mobile":{"background-color":"","background-image":"","background-repeat":"repeat","background-position":"center center","background-size":"auto","background-attachment":"scroll","background-type":"","background-media":"","overlay-type":"","overlay-color":"","overlay-opacity":"","overlay-gradient":""}},"ast-content-background-meta":{"desktop":{"background-color":"var(--ast-global-color-5)","background-image":"","background-repeat":"repeat","background-position":"center center","background-size":"auto","background-attachment":"scroll","background-type":"","background-media":"","overlay-type":"","overlay-color":"","overlay-opacity":"","overlay-gradient":""},"tablet":{"background-color":"var(--ast-global-color-5)","background-image":"","background-repeat":"repeat","background-position":"center center","background-size":"auto","background-attachment":"scroll","background-type":"","background-media":"","overlay-type":"","overlay-color":"","overlay-opacity":"","overlay-gradient":""},"mobile":{"background-color":"var(--ast-global-color-5)","background-image":"","background-repeat":"repeat","background-position":"center center","background-size":"auto","background-attachment":"scroll","background-type":"","background-media":"","overlay-type":"","overlay-color":"","overlay-opacity":"","overlay-gradient":""}}},"product_cat":[33],"product_tag":[],"class_list":["post-307","product","type-product","status-publish","has-post-thumbnail","hentry","product_cat-perfetta","desktop-align-left","tablet-align-left","mobile-align-left"],"aioseo_notices":[],"uagb_featured_image_src":{"full":["https:\/\/eurostylesas.com\/wp-content\/uploads\/2020\/03\/perfetta-3.png",1080,1350,false],"thumbnail":["https:\/\/eurostylesas.com\/wp-content\/uploads\/2020\/03\/perfetta-3-150x150.png",150,150,true],"medium":["https:\/\/eurostylesas.com\/wp-content\/uploads\/2020\/03\/perfetta-3-240x300.png",240,300,true],"medium_large":["https:\/\/eurostylesas.com\/wp-content\/uploads\/2020\/03\/perfetta-3-768x960.png",768,960,true],"large":["https:\/\/eurostylesas.com\/wp-content\/uploads\/2020\/03\/perfetta-3-819x1024.png",819,1024,true],"1536x1536":["https:\/\/eurostylesas.com\/wp-content\/uploads\/2020\/03\/perfetta-3.png",1080,1350,false],"2048x2048":["https:\/\/eurostylesas.com\/wp-content\/uploads\/2020\/03\/perfetta-3.png",1080,1350,false],"woocommerce_thumbnail":["https:\/\/eurostylesas.com\/wp-content\/uploads\/2020\/03\/perfetta-3-300x300.png",300,300,true],"woocommerce_single":["https:\/\/eurostylesas.com\/wp-content\/uploads\/2020\/03\/perfetta-3-600x750.png",600,750,true],"woocommerce_gallery_thumbnail":["https:\/\/eurostylesas.com\/wp-content\/uploads\/2020\/03\/perfetta-3-100x100.png",100,100,true]},"uagb_author_info":{"display_name":"eurostylesas","author_link":"https:\/\/eurostylesas.com\/index.php\/author\/"},"uagb_comment_info":0,"uagb_excerpt":"Lorem ipsum dolor sit amet, consectetur adipiscing elit. Ut elit tellus, luctus nec ullamcorper mattis, pulvinar dapibus leo.Lobortis imperdiet, excepteur accumsan deserunt, dicta reprehenderit vestibulum, vero aspernatur pede duis tempus taciti, senectus, neque possimus ratione laborum aliqua","_links":{"self":[{"href":"https:\/\/eurostylesas.com\/index.php\/wp-json\/wp\/v2\/product\/307","targetHints":{"allow":["GET"]}}],"collection":[{"href":"https:\/\/eurostylesas.com\/index.php\/wp-json\/wp\/v2\/product"}],"about":[{"href":"https:\/\/eurostylesas.com\/index.php\/wp-json\/wp\/v2\/types\/product"}],"replies":[{"embeddable":true,"href":"https:\/\/eurostylesas.com\/index.php\/wp-json\/wp\/v2\/comments?post=307"}],"wp:featuredmedia":[{"embeddable":true,"href":"https:\/\/eurostylesas.com\/index.php\/wp-json\/wp\/v2\/media\/3556"}],"wp:attachment":[{"href":"https:\/\/eurostylesas.com\/index.php\/wp-json\/wp\/v2\/media?parent=307"}],"wp:term":[{"taxonomy":"product_cat","embeddable":true,"href":"https:\/\/eurostylesas.com\/index.php\/wp-json\/wp\/v2\/product_cat?post=307"},{"taxonomy":"product_tag","embeddable":true,"href":"https:\/\/eurostylesas.com\/index.php\/wp-json\/wp\/v2\/product_tag?post=307"}],"curies":[{"name":"wp","href":"https:\/\/api.w.org\/{rel}","templated":true}]}}