{"id":313,"date":"2020-03-18T14:46:21","date_gmt":"2020-03-18T14:46:21","guid":{"rendered":"https:\/\/montajeurostyles.eurostylesas.com\/index.php\/producto\/shaving-kit\/"},"modified":"2023-12-20T15:38:01","modified_gmt":"2023-12-20T14:38:01","slug":"shaving-kit","status":"publish","type":"product","link":"https:\/\/eurostylesas.com\/index.php\/producto\/shaving-kit\/","title":{"rendered":"COLOR CARE"},"content":{"rendered":"<p><span class=\"OYPEnA text-decoration-none text-strikethrough-none\">Presentaci\u00f3n: 250ml, 1000ml<\/span><\/p>\n<p><span class=\"OYPEnA text-decoration-none text-strikethrough-none\">M\u00e1scara de hidrataci\u00f3n pro- funda para cabellos te\u00f1idos y tratados, rica en principios activos naturales.<\/span><\/p>\n","protected":false},"excerpt":{"rendered":"<p>Lorem ipsum dolor sit amet, consectetur adipiscing elit. Ut elit tellus, luctus nec ullamcorper mattis, pulvinar dapibus leo.Lobortis imperdiet, excepteur accumsan deserunt, dicta reprehenderit vestibulum, vero aspernatur pede duis tempus taciti, senectus, neque possimus ratione laborum aliqua.<\/p>\n","protected":false},"featured_media":3527,"comment_status":"open","ping_status":"closed","template":"","meta":{"_uag_custom_page_level_css":"","site-sidebar-layout":"no-sidebar","site-content-layout":"boxed-container","ast-site-content-layout":"normal-width-container","site-content-style":"boxed","site-sidebar-style":"boxed","ast-global-header-display":"","ast-banner-title-visibility":"","ast-main-header-display":"","ast-hfb-above-header-display":"","ast-hfb-below-header-display":"","ast-hfb-mobile-header-display":"","site-post-title":"","ast-breadcrumbs-content":"","ast-featured-img":"","footer-sml-layout":"","ast-disable-related-posts":"","theme-transparent-header-meta":"default","adv-header-id-meta":"","stick-header-meta":"","header-above-stick-meta":"","header-main-stick-meta":"","header-below-stick-meta":"","astra-migrate-meta-layouts":"set","ast-page-background-enabled":"default","ast-page-background-meta":{"desktop":{"background-color":"","background-image":"","background-repeat":"repeat","background-position":"center center","background-size":"auto","background-attachment":"scroll","background-type":"","background-media":"","overlay-type":"","overlay-color":"","overlay-opacity":"","overlay-gradient":""},"tablet":{"background-color":"","background-image":"","background-repeat":"repeat","background-position":"center center","background-size":"auto","background-attachment":"scroll","background-type":"","background-media":"","overlay-type":"","overlay-color":"","overlay-opacity":"","overlay-gradient":""},"mobile":{"background-color":"","background-image":"","background-repeat":"repeat","background-position":"center center","background-size":"auto","background-attachment":"scroll","background-type":"","background-media":"","overlay-type":"","overlay-color":"","overlay-opacity":"","overlay-gradient":""}},"ast-content-background-meta":{"desktop":{"background-color":"var(--ast-global-color-5)","background-image":"","background-repeat":"repeat","background-position":"center center","background-size":"auto","background-attachment":"scroll","background-type":"","background-media":"","overlay-type":"","overlay-color":"","overlay-opacity":"","overlay-gradient":""},"tablet":{"background-color":"var(--ast-global-color-5)","background-image":"","background-repeat":"repeat","background-position":"center center","background-size":"auto","background-attachment":"scroll","background-type":"","background-media":"","overlay-type":"","overlay-color":"","overlay-opacity":"","overlay-gradient":""},"mobile":{"background-color":"var(--ast-global-color-5)","background-image":"","background-repeat":"repeat","background-position":"center center","background-size":"auto","background-attachment":"scroll","background-type":"","background-media":"","overlay-type":"","overlay-color":"","overlay-opacity":"","overlay-gradient":""}}},"product_cat":[32],"product_tag":[],"class_list":["post-313","product","type-product","status-publish","has-post-thumbnail","hentry","product_cat-silky","desktop-align-left","tablet-align-left","mobile-align-left"],"aioseo_notices":[],"uagb_featured_image_src":{"full":["https:\/\/eurostylesas.com\/wp-content\/uploads\/2020\/03\/SILKY-3.png",1080,1350,false],"thumbnail":["https:\/\/eurostylesas.com\/wp-content\/uploads\/2020\/03\/SILKY-3-150x150.png",150,150,true],"medium":["https:\/\/eurostylesas.com\/wp-content\/uploads\/2020\/03\/SILKY-3-240x300.png",240,300,true],"medium_large":["https:\/\/eurostylesas.com\/wp-content\/uploads\/2020\/03\/SILKY-3-768x960.png",768,960,true],"large":["https:\/\/eurostylesas.com\/wp-content\/uploads\/2020\/03\/SILKY-3-819x1024.png",819,1024,true],"1536x1536":["https:\/\/eurostylesas.com\/wp-content\/uploads\/2020\/03\/SILKY-3.png",1080,1350,false],"2048x2048":["https:\/\/eurostylesas.com\/wp-content\/uploads\/2020\/03\/SILKY-3.png",1080,1350,false],"woocommerce_thumbnail":["https:\/\/eurostylesas.com\/wp-content\/uploads\/2020\/03\/SILKY-3-300x300.png",300,300,true],"woocommerce_single":["https:\/\/eurostylesas.com\/wp-content\/uploads\/2020\/03\/SILKY-3-600x750.png",600,750,true],"woocommerce_gallery_thumbnail":["https:\/\/eurostylesas.com\/wp-content\/uploads\/2020\/03\/SILKY-3-100x100.png",100,100,true]},"uagb_author_info":{"display_name":"eurostylesas","author_link":"https:\/\/eurostylesas.com\/index.php\/author\/"},"uagb_comment_info":0,"uagb_excerpt":"Lorem ipsum dolor sit amet, consectetur adipiscing elit. Ut elit tellus, luctus nec ullamcorper mattis, pulvinar dapibus leo.Lobortis imperdiet, excepteur accumsan deserunt, dicta reprehenderit vestibulum, vero aspernatur pede duis tempus taciti, senectus, neque possimus ratione laborum aliqua.","_links":{"self":[{"href":"https:\/\/eurostylesas.com\/index.php\/wp-json\/wp\/v2\/product\/313","targetHints":{"allow":["GET"]}}],"collection":[{"href":"https:\/\/eurostylesas.com\/index.php\/wp-json\/wp\/v2\/product"}],"about":[{"href":"https:\/\/eurostylesas.com\/index.php\/wp-json\/wp\/v2\/types\/product"}],"replies":[{"embeddable":true,"href":"https:\/\/eurostylesas.com\/index.php\/wp-json\/wp\/v2\/comments?post=313"}],"wp:featuredmedia":[{"embeddable":true,"href":"https:\/\/eurostylesas.com\/index.php\/wp-json\/wp\/v2\/media\/3527"}],"wp:attachment":[{"href":"https:\/\/eurostylesas.com\/index.php\/wp-json\/wp\/v2\/media?parent=313"}],"wp:term":[{"taxonomy":"product_cat","embeddable":true,"href":"https:\/\/eurostylesas.com\/index.php\/wp-json\/wp\/v2\/product_cat?post=313"},{"taxonomy":"product_tag","embeddable":true,"href":"https:\/\/eurostylesas.com\/index.php\/wp-json\/wp\/v2\/product_tag?post=313"}],"curies":[{"name":"wp","href":"https:\/\/api.w.org\/{rel}","templated":true}]}}