{"id":3563,"date":"2023-12-19T19:52:05","date_gmt":"2023-12-19T18:52:05","guid":{"rendered":"https:\/\/montajeurostyles.eurostylesas.com\/?post_type=product&#038;p=3563"},"modified":"2023-12-19T21:56:45","modified_gmt":"2023-12-19T20:56:45","slug":"azzur-7tonos","status":"publish","type":"product","link":"https:\/\/eurostylesas.com\/index.php\/producto\/azzur-7tonos\/","title":{"rendered":"AZZUR 7TONOS"},"content":{"rendered":"<div>\n<p>Presentaci\u00f3n: 60gr, 600gr Decolorante en polvo azul, enriquecido con prote\u00edna de trigo, con buena fuerza en el proceso de la decoloraci\u00f3n, act\u00faa de forma intensa y r\u00e1pida. Ideal para todos los servicios en la peluquer\u00eda, Decoloraci\u00f3n, decapage, shampoo de limpieza, barrido de color, mechas, rayos, o balayage.<\/p>\n<div>\n<p>Poder de aclaracion: hasta 7 niveles dependiendo de la base natural o cosmetica.<\/p>\n<\/div>\n<\/div>\n","protected":false},"excerpt":{"rendered":"<p>Presentaci\u00f3n: 60gr, 600gr Decolorante en polvo azul, enriquecido con prote\u00edna de trigo, con buena fuerza en el proceso de la decoloraci\u00f3n, act\u00faa de forma intensa y r\u00e1pida. Ideal para todos los servicios en la peluquer\u00eda, Decoloraci\u00f3n, decapage, shampoo de limpieza, barrido de color, mechas, rayos, o balayage. Poder de aclaracion: hasta 7 niveles dependiendo de [&hellip;]<\/p>\n","protected":false},"featured_media":3564,"comment_status":"open","ping_status":"closed","template":"","meta":{"_uag_custom_page_level_css":"","site-sidebar-layout":"default","site-content-layout":"","ast-site-content-layout":"default","site-content-style":"default","site-sidebar-style":"default","ast-global-header-display":"","ast-banner-title-visibility":"","ast-main-header-display":"","ast-hfb-above-header-display":"","ast-hfb-below-header-display":"","ast-hfb-mobile-header-display":"","site-post-title":"","ast-breadcrumbs-content":"","ast-featured-img":"","footer-sml-layout":"","ast-disable-related-posts":"","theme-transparent-header-meta":"default","adv-header-id-meta":"","stick-header-meta":"","header-above-stick-meta":"","header-main-stick-meta":"","header-below-stick-meta":"","astra-migrate-meta-layouts":"set","ast-page-background-enabled":"default","ast-page-background-meta":{"desktop":{"background-color":"","background-image":"","background-repeat":"repeat","background-position":"center center","background-size":"auto","background-attachment":"scroll","background-type":"","background-media":"","overlay-type":"","overlay-color":"","overlay-opacity":"","overlay-gradient":""},"tablet":{"background-color":"","background-image":"","background-repeat":"repeat","background-position":"center center","background-size":"auto","background-attachment":"scroll","background-type":"","background-media":"","overlay-type":"","overlay-color":"","overlay-opacity":"","overlay-gradient":""},"mobile":{"background-color":"","background-image":"","background-repeat":"repeat","background-position":"center center","background-size":"auto","background-attachment":"scroll","background-type":"","background-media":"","overlay-type":"","overlay-color":"","overlay-opacity":"","overlay-gradient":""}},"ast-content-background-meta":{"desktop":{"background-color":"var(--ast-global-color-5)","background-image":"","background-repeat":"repeat","background-position":"center center","background-size":"auto","background-attachment":"scroll","background-type":"","background-media":"","overlay-type":"","overlay-color":"","overlay-opacity":"","overlay-gradient":""},"tablet":{"background-color":"var(--ast-global-color-5)","background-image":"","background-repeat":"repeat","background-position":"center center","background-size":"auto","background-attachment":"scroll","background-type":"","background-media":"","overlay-type":"","overlay-color":"","overlay-opacity":"","overlay-gradient":""},"mobile":{"background-color":"var(--ast-global-color-5)","background-image":"","background-repeat":"repeat","background-position":"center center","background-size":"auto","background-attachment":"scroll","background-type":"","background-media":"","overlay-type":"","overlay-color":"","overlay-opacity":"","overlay-gradient":""}}},"product_cat":[33],"product_tag":[],"class_list":["post-3563","product","type-product","status-publish","has-post-thumbnail","hentry","product_cat-perfetta","desktop-align-left","tablet-align-left","mobile-align-left"],"aioseo_notices":[],"uagb_featured_image_src":{"full":["https:\/\/eurostylesas.com\/wp-content\/uploads\/2023\/12\/perfetta-7.png",1080,1350,false],"thumbnail":["https:\/\/eurostylesas.com\/wp-content\/uploads\/2023\/12\/perfetta-7-150x150.png",150,150,true],"medium":["https:\/\/eurostylesas.com\/wp-content\/uploads\/2023\/12\/perfetta-7-240x300.png",240,300,true],"medium_large":["https:\/\/eurostylesas.com\/wp-content\/uploads\/2023\/12\/perfetta-7-768x960.png",768,960,true],"large":["https:\/\/eurostylesas.com\/wp-content\/uploads\/2023\/12\/perfetta-7-819x1024.png",819,1024,true],"1536x1536":["https:\/\/eurostylesas.com\/wp-content\/uploads\/2023\/12\/perfetta-7.png",1080,1350,false],"2048x2048":["https:\/\/eurostylesas.com\/wp-content\/uploads\/2023\/12\/perfetta-7.png",1080,1350,false],"woocommerce_thumbnail":["https:\/\/eurostylesas.com\/wp-content\/uploads\/2023\/12\/perfetta-7-300x300.png",300,300,true],"woocommerce_single":["https:\/\/eurostylesas.com\/wp-content\/uploads\/2023\/12\/perfetta-7-600x750.png",600,750,true],"woocommerce_gallery_thumbnail":["https:\/\/eurostylesas.com\/wp-content\/uploads\/2023\/12\/perfetta-7-100x100.png",100,100,true]},"uagb_author_info":{"display_name":"eurostylesas","author_link":"https:\/\/eurostylesas.com\/index.php\/author\/"},"uagb_comment_info":0,"uagb_excerpt":"Presentaci\u00f3n: 60gr, 600gr Decolorante en polvo azul, enriquecido con prote\u00edna de trigo, con buena fuerza en el proceso de la decoloraci\u00f3n, act\u00faa de forma intensa y r\u00e1pida. Ideal para todos los servicios en la peluquer\u00eda, Decoloraci\u00f3n, decapage, shampoo de limpieza, barrido de color, mechas, rayos, o balayage. Poder de aclaracion: hasta 7 niveles dependiendo de&hellip;","_links":{"self":[{"href":"https:\/\/eurostylesas.com\/index.php\/wp-json\/wp\/v2\/product\/3563","targetHints":{"allow":["GET"]}}],"collection":[{"href":"https:\/\/eurostylesas.com\/index.php\/wp-json\/wp\/v2\/product"}],"about":[{"href":"https:\/\/eurostylesas.com\/index.php\/wp-json\/wp\/v2\/types\/product"}],"replies":[{"embeddable":true,"href":"https:\/\/eurostylesas.com\/index.php\/wp-json\/wp\/v2\/comments?post=3563"}],"wp:featuredmedia":[{"embeddable":true,"href":"https:\/\/eurostylesas.com\/index.php\/wp-json\/wp\/v2\/media\/3564"}],"wp:attachment":[{"href":"https:\/\/eurostylesas.com\/index.php\/wp-json\/wp\/v2\/media?parent=3563"}],"wp:term":[{"taxonomy":"product_cat","embeddable":true,"href":"https:\/\/eurostylesas.com\/index.php\/wp-json\/wp\/v2\/product_cat?post=3563"},{"taxonomy":"product_tag","embeddable":true,"href":"https:\/\/eurostylesas.com\/index.php\/wp-json\/wp\/v2\/product_tag?post=3563"}],"curies":[{"name":"wp","href":"https:\/\/api.w.org\/{rel}","templated":true}]}}