{"id":3674,"date":"2023-12-19T23:27:29","date_gmt":"2023-12-19T22:27:29","guid":{"rendered":"https:\/\/montajeurostyles.eurostylesas.com\/?post_type=product&#038;p=3674"},"modified":"2023-12-19T23:27:29","modified_gmt":"2023-12-19T22:27:29","slug":"aceite-de-argan-2","status":"publish","type":"product","link":"https:\/\/eurostylesas.com\/index.php\/producto\/aceite-de-argan-2\/","title":{"rendered":"ACEITE DE ARG\u00c1N"},"content":{"rendered":"<div>\n<p>Presentaci\u00f3n: 60ml<\/p>\n<p>Formula que se absorbe r\u00e1pidamente en el cabello, dejandolo brillante luminoso, sedoso y sin residuos. Protege el cabello de los agentes atmosf\u00e9ricos y controla el efecto crespo.<\/p>\n<\/div>\n","protected":false},"excerpt":{"rendered":"<p>Presentaci\u00f3n: 60ml Formula que se absorbe r\u00e1pidamente en el cabello, dejandolo brillante luminoso, sedoso y sin residuos. Protege el cabello de los agentes atmosf\u00e9ricos y controla el efecto crespo.<\/p>\n","protected":false},"featured_media":3675,"comment_status":"open","ping_status":"closed","template":"","meta":{"_uag_custom_page_level_css":"","site-sidebar-layout":"default","site-content-layout":"","ast-site-content-layout":"default","site-content-style":"default","site-sidebar-style":"default","ast-global-header-display":"","ast-banner-title-visibility":"","ast-main-header-display":"","ast-hfb-above-header-display":"","ast-hfb-below-header-display":"","ast-hfb-mobile-header-display":"","site-post-title":"","ast-breadcrumbs-content":"","ast-featured-img":"","footer-sml-layout":"","ast-disable-related-posts":"","theme-transparent-header-meta":"default","adv-header-id-meta":"","stick-header-meta":"","header-above-stick-meta":"","header-main-stick-meta":"","header-below-stick-meta":"","astra-migrate-meta-layouts":"set","ast-page-background-enabled":"default","ast-page-background-meta":{"desktop":{"background-color":"","background-image":"","background-repeat":"repeat","background-position":"center center","background-size":"auto","background-attachment":"scroll","background-type":"","background-media":"","overlay-type":"","overlay-color":"","overlay-opacity":"","overlay-gradient":""},"tablet":{"background-color":"","background-image":"","background-repeat":"repeat","background-position":"center center","background-size":"auto","background-attachment":"scroll","background-type":"","background-media":"","overlay-type":"","overlay-color":"","overlay-opacity":"","overlay-gradient":""},"mobile":{"background-color":"","background-image":"","background-repeat":"repeat","background-position":"center center","background-size":"auto","background-attachment":"scroll","background-type":"","background-media":"","overlay-type":"","overlay-color":"","overlay-opacity":"","overlay-gradient":""}},"ast-content-background-meta":{"desktop":{"background-color":"var(--ast-global-color-5)","background-image":"","background-repeat":"repeat","background-position":"center center","background-size":"auto","background-attachment":"scroll","background-type":"","background-media":"","overlay-type":"","overlay-color":"","overlay-opacity":"","overlay-gradient":""},"tablet":{"background-color":"var(--ast-global-color-5)","background-image":"","background-repeat":"repeat","background-position":"center center","background-size":"auto","background-attachment":"scroll","background-type":"","background-media":"","overlay-type":"","overlay-color":"","overlay-opacity":"","overlay-gradient":""},"mobile":{"background-color":"var(--ast-global-color-5)","background-image":"","background-repeat":"repeat","background-position":"center center","background-size":"auto","background-attachment":"scroll","background-type":"","background-media":"","overlay-type":"","overlay-color":"","overlay-opacity":"","overlay-gradient":""}}},"product_cat":[31],"product_tag":[],"class_list":["post-3674","product","type-product","status-publish","has-post-thumbnail","hentry","product_cat-nouvelle","desktop-align-left","tablet-align-left","mobile-align-left"],"aioseo_notices":[],"uagb_featured_image_src":{"full":["https:\/\/eurostylesas.com\/wp-content\/uploads\/2023\/12\/pefetta-26-1.png",1080,1350,false],"thumbnail":["https:\/\/eurostylesas.com\/wp-content\/uploads\/2023\/12\/pefetta-26-1-150x150.png",150,150,true],"medium":["https:\/\/eurostylesas.com\/wp-content\/uploads\/2023\/12\/pefetta-26-1-240x300.png",240,300,true],"medium_large":["https:\/\/eurostylesas.com\/wp-content\/uploads\/2023\/12\/pefetta-26-1-768x960.png",768,960,true],"large":["https:\/\/eurostylesas.com\/wp-content\/uploads\/2023\/12\/pefetta-26-1-819x1024.png",819,1024,true],"1536x1536":["https:\/\/eurostylesas.com\/wp-content\/uploads\/2023\/12\/pefetta-26-1.png",1080,1350,false],"2048x2048":["https:\/\/eurostylesas.com\/wp-content\/uploads\/2023\/12\/pefetta-26-1.png",1080,1350,false],"woocommerce_thumbnail":["https:\/\/eurostylesas.com\/wp-content\/uploads\/2023\/12\/pefetta-26-1-300x300.png",300,300,true],"woocommerce_single":["https:\/\/eurostylesas.com\/wp-content\/uploads\/2023\/12\/pefetta-26-1-600x750.png",600,750,true],"woocommerce_gallery_thumbnail":["https:\/\/eurostylesas.com\/wp-content\/uploads\/2023\/12\/pefetta-26-1-100x100.png",100,100,true]},"uagb_author_info":{"display_name":"eurostylesas","author_link":"https:\/\/eurostylesas.com\/index.php\/author\/"},"uagb_comment_info":1,"uagb_excerpt":"Presentaci\u00f3n: 60ml Formula que se absorbe r\u00e1pidamente en el cabello, dejandolo brillante luminoso, sedoso y sin residuos. Protege el cabello de los agentes atmosf\u00e9ricos y controla el efecto crespo.","_links":{"self":[{"href":"https:\/\/eurostylesas.com\/index.php\/wp-json\/wp\/v2\/product\/3674","targetHints":{"allow":["GET"]}}],"collection":[{"href":"https:\/\/eurostylesas.com\/index.php\/wp-json\/wp\/v2\/product"}],"about":[{"href":"https:\/\/eurostylesas.com\/index.php\/wp-json\/wp\/v2\/types\/product"}],"replies":[{"embeddable":true,"href":"https:\/\/eurostylesas.com\/index.php\/wp-json\/wp\/v2\/comments?post=3674"}],"wp:featuredmedia":[{"embeddable":true,"href":"https:\/\/eurostylesas.com\/index.php\/wp-json\/wp\/v2\/media\/3675"}],"wp:attachment":[{"href":"https:\/\/eurostylesas.com\/index.php\/wp-json\/wp\/v2\/media?parent=3674"}],"wp:term":[{"taxonomy":"product_cat","embeddable":true,"href":"https:\/\/eurostylesas.com\/index.php\/wp-json\/wp\/v2\/product_cat?post=3674"},{"taxonomy":"product_tag","embeddable":true,"href":"https:\/\/eurostylesas.com\/index.php\/wp-json\/wp\/v2\/product_tag?post=3674"}],"curies":[{"name":"wp","href":"https:\/\/api.w.org\/{rel}","templated":true}]}}